{"id":3891,"date":"2026-01-28T14:08:37","date_gmt":"2026-01-28T13:08:37","guid":{"rendered":"https:\/\/www.desjnuffelere.nl\/?page_id=3891"},"modified":"2026-02-09T22:32:23","modified_gmt":"2026-02-09T21:32:23","slug":"2026-2","status":"publish","type":"page","link":"https:\/\/www.desjnuffelere.nl\/","title":{"rendered":"2026"},"content":{"rendered":"\n<p>Na een fantastische zitting willen wij u voorstellen aan onze nieuwe heerser: Prins Chris I (Smeets)<\/p>\n\n\n\n<figure class=\"wp-block-image size-large\"><img fetchpriority=\"high\" decoding=\"async\" width=\"678\" height=\"1024\" src=\"http:\/\/www.desjnuffelere.nl\/site\/wp-content\/uploads\/2026\/01\/Prins-chris3549-678x1024.jpg\" alt=\"\" class=\"wp-image-3886\" srcset=\"https:\/\/www.desjnuffelere.nl\/site\/wp-content\/uploads\/2026\/01\/Prins-chris3549-678x1024.jpg 678w, https:\/\/www.desjnuffelere.nl\/site\/wp-content\/uploads\/2026\/01\/Prins-chris3549-199x300.jpg 199w, https:\/\/www.desjnuffelere.nl\/site\/wp-content\/uploads\/2026\/01\/Prins-chris3549.jpg 1272w\" sizes=\"(max-width: 678px) 100vw, 678px\" \/><\/figure>\n\n\n\n<p>Op de melodie van De Limburgse Knalaaf Mix werd op 24 januari de nieuwe, nog onbekende prins door een aantal oud-prinsen, verkleed als Formule 1-coureurs, naar binnen gedragen.<br>Na het aftellen sprong de kersverse prins tevoorschijn.<br><br>De komende weken gaat hij door het leven als Prins Chris I van CV De Sjnuffel\u00e8re.<\/p>\n\n\n\n<p><a href=\"https:\/\/www.desjnuffelere.nl\/?page_id=3893\" data-type=\"page\" data-id=\"3893\">Meer lezen &#8211;&gt;<\/a><\/p>\n\n\n\n<div aria-hidden=\"true\" data-open-type=\"on timer\" data-opening-time=\"5s\" data-waiting-after-closing=\"-1s\" data-show-again-in=\"1\" id=\"470augool0\" class=\"wp-block-makeiteasy-popup open-on-timer popup-floating popup-modal makeiteasy-popup-outermost\"><div class=\"makeiteasy-popup-overlay\" tabindex=\"-1\" data-micromodal-close-470augool0=\"true\"><div role=\"dialog\" aria-modal=\"true\" class=\"has-above-close makeiteasy-popup-wrapper\"><div class=\"makeiteasy-popup-content-wrapper has-global-padding is-layout-constrained wp-block-makeiteasy-popup-is-layout-constrained\">\n<h2 class=\"wp-block-heading has-text-align-center\"><strong>Help de Sjnuffel\u00e8r terug naar huis<\/strong><\/h2>\n\n\n\n<div class=\"wp-block-media-text\" style=\"grid-template-columns:40% auto\"><figure class=\"wp-block-media-text__media\"><img decoding=\"async\" width=\"297\" height=\"300\" src=\"https:\/\/www.desjnuffelere.nl\/site\/wp-content\/uploads\/2026\/02\/Beeldje-1-297x300.png\" alt=\"De Sjnuffel\u00e8r\" class=\"wp-image-3934 size-medium\" srcset=\"https:\/\/www.desjnuffelere.nl\/site\/wp-content\/uploads\/2026\/02\/Beeldje-1-297x300.png 297w, https:\/\/www.desjnuffelere.nl\/site\/wp-content\/uploads\/2026\/02\/Beeldje-1-1015x1024.png 1015w, https:\/\/www.desjnuffelere.nl\/site\/wp-content\/uploads\/2026\/02\/Beeldje-1.png 1414w\" sizes=\"(max-width: 297px) 100vw, 297px\" \/><\/figure><div class=\"wp-block-media-text__content\">\n<p>De Sjnuffel\u00e8r hoort terug op zijn sokkel in Rijckholt.<br>Daarom starten wij deze crowdfunding.<\/p>\n\n\n\n<p><\/p>\n\n\n\n<p>Benieuwd hoe je kan helpen?<\/p>\n\n\n\n<div class=\"wp-block-buttons is-layout-flex wp-block-buttons-is-layout-flex\">\n<div class=\"wp-block-button\"><a class=\"wp-block-button__link wp-element-button\" href=\"https:\/\/www.desjnuffelere.nl\/?page_id=3937\">Lees meer<\/a><\/div>\n<\/div>\n\n\n\n<p><\/p>\n<\/div><\/div>\n<\/div><button aria-label=\"Close modal\" class=\"makeiteasy-popup-close\" data-micromodal-close-470augool0=\"true\"><svg xmlns=\"http:\/\/www.w3.org\/2000\/svg\" width=\"24\" height=\"24\" fill=\"none\"><path d=\"M19.546 17.954a1.127 1.127 0 0 1-1.594 1.594L12 13.594l-5.954 5.952a1.127 1.127 0 0 1-1.594-1.594L10.406 12 4.454 6.046a1.127 1.127 0 0 1 1.594-1.594L12 10.406l5.954-5.955a1.127 1.127 0 0 1 1.594 1.594L13.594 12z\"><\/path><\/svg><\/button><\/div><\/div><\/div>\n\n\n\n<hr class=\"wp-block-separator has-alpha-channel-opacity is-style-wide\"\/>\n\n\n\n<p><strong>Jeugdprins Luc II<\/strong><\/p>\n\n\n\n<p>Prins Luc II van CV de Kleng Sjnuffel\u00e8re zal samen met Prins Chris I van CV de Sjnuffel\u00e8re voorop gaan tijdens de Ri\u00e9keltse Carnaval!&nbsp;<\/p>\n\n\n\n<p>Luc Dassen is de zoon van Emile en Miranda Dassen, grote broer van Yannick. Carnaval vieren zit in zijn \u2018Riekelts blood\u2019 ook al is het gezin pasgeleden naar Warsage verhuisd. Luc zit in groep 6 van OBS Mesch. In zijn vrije tijd is hij graag in de tuin aan het voetballen en hij gaat met veel plezier naar de scouting in Gronsveld.<\/p>\n\n\n\n<figure class=\"wp-block-gallery has-nested-images columns-default is-cropped wp-block-gallery-1 is-layout-flex wp-block-gallery-is-layout-flex\">\n<figure class=\"wp-block-image size-large\"><img decoding=\"async\" width=\"683\" height=\"1024\" data-id=\"3927\" src=\"https:\/\/www.desjnuffelere.nl\/site\/wp-content\/uploads\/2026\/02\/jeugdprins2026-1-683x1024.jpg\" alt=\"Kleng Sjnuffelere\" class=\"wp-image-3927\" srcset=\"https:\/\/www.desjnuffelere.nl\/site\/wp-content\/uploads\/2026\/02\/jeugdprins2026-1-683x1024.jpg 683w, https:\/\/www.desjnuffelere.nl\/site\/wp-content\/uploads\/2026\/02\/jeugdprins2026-1-200x300.jpg 200w, https:\/\/www.desjnuffelere.nl\/site\/wp-content\/uploads\/2026\/02\/jeugdprins2026-1.jpg 1365w\" sizes=\"(max-width: 683px) 100vw, 683px\" \/><\/figure>\n\n\n\n<figure class=\"wp-block-image size-large\"><img loading=\"lazy\" decoding=\"async\" width=\"1024\" height=\"683\" data-id=\"3928\" src=\"https:\/\/www.desjnuffelere.nl\/site\/wp-content\/uploads\/2026\/02\/jeugdprins2026-2-1024x683.jpg\" alt=\"Kleng Sjnuffelere\" class=\"wp-image-3928\" srcset=\"https:\/\/www.desjnuffelere.nl\/site\/wp-content\/uploads\/2026\/02\/jeugdprins2026-2-1024x683.jpg 1024w, https:\/\/www.desjnuffelere.nl\/site\/wp-content\/uploads\/2026\/02\/jeugdprins2026-2-300x200.jpg 300w, https:\/\/www.desjnuffelere.nl\/site\/wp-content\/uploads\/2026\/02\/jeugdprins2026-2-2000x1333.jpg 2000w, https:\/\/www.desjnuffelere.nl\/site\/wp-content\/uploads\/2026\/02\/jeugdprins2026-2-600x400.jpg 600w, https:\/\/www.desjnuffelere.nl\/site\/wp-content\/uploads\/2026\/02\/jeugdprins2026-2-1200x800.jpg 1200w, https:\/\/www.desjnuffelere.nl\/site\/wp-content\/uploads\/2026\/02\/jeugdprins2026-2.jpg 2048w\" sizes=\"(max-width: 1024px) 100vw, 1024px\" \/><\/figure>\n\n\n\n<figure class=\"wp-block-image size-large\"><img loading=\"lazy\" decoding=\"async\" width=\"1024\" height=\"683\" data-id=\"3929\" src=\"https:\/\/www.desjnuffelere.nl\/site\/wp-content\/uploads\/2026\/02\/jeugdprins2026-3-1024x683.jpg\" alt=\"Kleng Sjnuffelere\" class=\"wp-image-3929\" srcset=\"https:\/\/www.desjnuffelere.nl\/site\/wp-content\/uploads\/2026\/02\/jeugdprins2026-3-1024x683.jpg 1024w, https:\/\/www.desjnuffelere.nl\/site\/wp-content\/uploads\/2026\/02\/jeugdprins2026-3-300x200.jpg 300w, https:\/\/www.desjnuffelere.nl\/site\/wp-content\/uploads\/2026\/02\/jeugdprins2026-3-2000x1333.jpg 2000w, https:\/\/www.desjnuffelere.nl\/site\/wp-content\/uploads\/2026\/02\/jeugdprins2026-3-600x400.jpg 600w, https:\/\/www.desjnuffelere.nl\/site\/wp-content\/uploads\/2026\/02\/jeugdprins2026-3-1200x800.jpg 1200w, https:\/\/www.desjnuffelere.nl\/site\/wp-content\/uploads\/2026\/02\/jeugdprins2026-3.jpg 2048w\" sizes=\"(max-width: 1024px) 100vw, 1024px\" \/><\/figure>\n<\/figure>\n\n\n\n<hr class=\"wp-block-separator aligncenter has-alpha-channel-opacity is-style-wide\"\/>\n\n\n\n<p><strong>Help de Sjnuffel\u00e8r terug naar huis<\/strong><\/p>\n\n\n\n<div class=\"wp-block-media-text is-stacked-on-mobile\" style=\"grid-template-columns:30% auto\"><figure class=\"wp-block-media-text__media\"><img loading=\"lazy\" decoding=\"async\" width=\"1015\" height=\"1024\" src=\"https:\/\/www.desjnuffelere.nl\/site\/wp-content\/uploads\/2026\/02\/Beeldje-1-1015x1024.png\" alt=\"De Sjnuffel\u00e8r\" class=\"wp-image-3934 size-large\" srcset=\"https:\/\/www.desjnuffelere.nl\/site\/wp-content\/uploads\/2026\/02\/Beeldje-1-1015x1024.png 1015w, https:\/\/www.desjnuffelere.nl\/site\/wp-content\/uploads\/2026\/02\/Beeldje-1-297x300.png 297w, https:\/\/www.desjnuffelere.nl\/site\/wp-content\/uploads\/2026\/02\/Beeldje-1-150x150.png 150w, https:\/\/www.desjnuffelere.nl\/site\/wp-content\/uploads\/2026\/02\/Beeldje-1.png 1414w\" sizes=\"(max-width: 1015px) 100vw, 1015px\" \/><\/figure><div class=\"wp-block-media-text__content\">\n<p>De Sjnuffel\u00e8r hoort terug op zijn sokkel in Rijckholt.<br>Daarom starten wij deze crowdfunding.<\/p>\n\n\n\n<p><\/p>\n\n\n\n<p>Benieuwd hoe je kan helpen?<\/p>\n\n\n\n<p><\/p>\n\n\n\n<div class=\"wp-block-buttons is-layout-flex wp-block-buttons-is-layout-flex\">\n<div class=\"wp-block-button\"><a class=\"wp-block-button__link wp-element-button\" href=\"https:\/\/www.desjnuffelere.nl\/?page_id=3937\">Lees meer<\/a><\/div>\n<\/div>\n\n\n\n<p><\/p>\n<\/div><\/div>\n\n\n\n<hr class=\"wp-block-separator has-alpha-channel-opacity is-style-wide\"\/>\n\n\n\n<p><strong>Foto&#8217;s Zitting 2026<\/strong><\/p>\n\n\n\n<figure class=\"wp-block-gallery has-nested-images columns-default is-cropped wp-block-gallery-2 is-layout-flex wp-block-gallery-is-layout-flex\">\n<figure class=\"wp-block-image size-large\"><img loading=\"lazy\" decoding=\"async\" width=\"1024\" height=\"678\" data-id=\"3815\" src=\"https:\/\/www.desjnuffelere.nl\/site\/wp-content\/uploads\/2026\/01\/Prinsenzitting-Sjnuffelere-2026-3425-1024x678.jpg\" alt=\"\" class=\"wp-image-3815\" srcset=\"https:\/\/www.desjnuffelere.nl\/site\/wp-content\/uploads\/2026\/01\/Prinsenzitting-Sjnuffelere-2026-3425-1024x678.jpg 1024w, https:\/\/www.desjnuffelere.nl\/site\/wp-content\/uploads\/2026\/01\/Prinsenzitting-Sjnuffelere-2026-3425-300x199.jpg 300w, https:\/\/www.desjnuffelere.nl\/site\/wp-content\/uploads\/2026\/01\/Prinsenzitting-Sjnuffelere-2026-3425.jpg 1920w\" sizes=\"(max-width: 1024px) 100vw, 1024px\" \/><\/figure>\n\n\n\n<figure class=\"wp-block-image size-large\"><img loading=\"lazy\" decoding=\"async\" width=\"1024\" height=\"678\" data-id=\"3820\" src=\"https:\/\/www.desjnuffelere.nl\/site\/wp-content\/uploads\/2026\/01\/Prinsenzitting-Sjnuffelere-2026-3450-1024x678.jpg\" alt=\"\" class=\"wp-image-3820\" srcset=\"https:\/\/www.desjnuffelere.nl\/site\/wp-content\/uploads\/2026\/01\/Prinsenzitting-Sjnuffelere-2026-3450-1024x678.jpg 1024w, https:\/\/www.desjnuffelere.nl\/site\/wp-content\/uploads\/2026\/01\/Prinsenzitting-Sjnuffelere-2026-3450-300x199.jpg 300w, https:\/\/www.desjnuffelere.nl\/site\/wp-content\/uploads\/2026\/01\/Prinsenzitting-Sjnuffelere-2026-3450.jpg 1920w\" sizes=\"(max-width: 1024px) 100vw, 1024px\" \/><\/figure>\n\n\n\n<figure class=\"wp-block-image size-large\"><img loading=\"lazy\" decoding=\"async\" width=\"1024\" height=\"678\" data-id=\"3826\" src=\"https:\/\/www.desjnuffelere.nl\/site\/wp-content\/uploads\/2026\/01\/Prinsenzitting-Sjnuffelere-2026-3469-1024x678.jpg\" alt=\"\" class=\"wp-image-3826\" srcset=\"https:\/\/www.desjnuffelere.nl\/site\/wp-content\/uploads\/2026\/01\/Prinsenzitting-Sjnuffelere-2026-3469-1024x678.jpg 1024w, https:\/\/www.desjnuffelere.nl\/site\/wp-content\/uploads\/2026\/01\/Prinsenzitting-Sjnuffelere-2026-3469-300x199.jpg 300w, https:\/\/www.desjnuffelere.nl\/site\/wp-content\/uploads\/2026\/01\/Prinsenzitting-Sjnuffelere-2026-3469.jpg 1920w\" sizes=\"(max-width: 1024px) 100vw, 1024px\" \/><\/figure>\n\n\n\n<figure class=\"wp-block-image size-large\"><img loading=\"lazy\" decoding=\"async\" width=\"1024\" height=\"678\" data-id=\"3828\" src=\"https:\/\/www.desjnuffelere.nl\/site\/wp-content\/uploads\/2026\/01\/Prinsenzitting-Sjnuffelere-2026-3486-1024x678.jpg\" alt=\"\" class=\"wp-image-3828\" srcset=\"https:\/\/www.desjnuffelere.nl\/site\/wp-content\/uploads\/2026\/01\/Prinsenzitting-Sjnuffelere-2026-3486-1024x678.jpg 1024w, https:\/\/www.desjnuffelere.nl\/site\/wp-content\/uploads\/2026\/01\/Prinsenzitting-Sjnuffelere-2026-3486-300x199.jpg 300w, https:\/\/www.desjnuffelere.nl\/site\/wp-content\/uploads\/2026\/01\/Prinsenzitting-Sjnuffelere-2026-3486.jpg 1920w\" sizes=\"(max-width: 1024px) 100vw, 1024px\" \/><\/figure>\n\n\n\n<figure class=\"wp-block-image size-large\"><img loading=\"lazy\" decoding=\"async\" width=\"1024\" height=\"678\" data-id=\"3864\" src=\"https:\/\/www.desjnuffelere.nl\/site\/wp-content\/uploads\/2026\/01\/Prinsenzitting-Sjnuffelere-2026-8159-1024x678.jpg\" alt=\"\" class=\"wp-image-3864\" srcset=\"https:\/\/www.desjnuffelere.nl\/site\/wp-content\/uploads\/2026\/01\/Prinsenzitting-Sjnuffelere-2026-8159-1024x678.jpg 1024w, https:\/\/www.desjnuffelere.nl\/site\/wp-content\/uploads\/2026\/01\/Prinsenzitting-Sjnuffelere-2026-8159-300x199.jpg 300w, https:\/\/www.desjnuffelere.nl\/site\/wp-content\/uploads\/2026\/01\/Prinsenzitting-Sjnuffelere-2026-8159.jpg 1920w\" sizes=\"(max-width: 1024px) 100vw, 1024px\" \/><\/figure>\n\n\n\n<figure class=\"wp-block-image size-large\"><img loading=\"lazy\" decoding=\"async\" width=\"1024\" height=\"678\" data-id=\"3833\" src=\"https:\/\/www.desjnuffelere.nl\/site\/wp-content\/uploads\/2026\/01\/Prinsenzitting-Sjnuffelere-2026-3527-1024x678.jpg\" alt=\"\" class=\"wp-image-3833\" srcset=\"https:\/\/www.desjnuffelere.nl\/site\/wp-content\/uploads\/2026\/01\/Prinsenzitting-Sjnuffelere-2026-3527-1024x678.jpg 1024w, https:\/\/www.desjnuffelere.nl\/site\/wp-content\/uploads\/2026\/01\/Prinsenzitting-Sjnuffelere-2026-3527-300x199.jpg 300w, https:\/\/www.desjnuffelere.nl\/site\/wp-content\/uploads\/2026\/01\/Prinsenzitting-Sjnuffelere-2026-3527.jpg 1920w\" sizes=\"(max-width: 1024px) 100vw, 1024px\" \/><\/figure>\n<\/figure>\n\n\n\n<p><a href=\"https:\/\/www.desjnuffelere.nl\/?page_id=3897\" data-type=\"page\" data-id=\"3897\">Meer lezen &#8211;&gt;<\/a><\/p>\n\n\n\n<hr class=\"wp-block-separator has-alpha-channel-opacity is-style-wide\"\/>\n\n\n\n<p><strong>Posters &amp; Sponsoren<\/strong><\/p>\n\n\n\n<figure class=\"wp-block-gallery has-nested-images columns-default is-cropped wp-block-gallery-3 is-layout-flex wp-block-gallery-is-layout-flex\">\n<figure class=\"wp-block-image size-large\"><img loading=\"lazy\" decoding=\"async\" width=\"724\" height=\"1024\" data-id=\"3923\" src=\"http:\/\/www.desjnuffelere.nl\/site\/wp-content\/uploads\/2026\/01\/Sponsoren-2026-724x1024.png\" alt=\"Sponsoren 2026\" class=\"wp-image-3923\" srcset=\"https:\/\/www.desjnuffelere.nl\/site\/wp-content\/uploads\/2026\/01\/Sponsoren-2026-724x1024.png 724w, https:\/\/www.desjnuffelere.nl\/site\/wp-content\/uploads\/2026\/01\/Sponsoren-2026-212x300.png 212w, https:\/\/www.desjnuffelere.nl\/site\/wp-content\/uploads\/2026\/01\/Sponsoren-2026.png 1414w\" sizes=\"(max-width: 724px) 100vw, 724px\" \/><\/figure>\n\n\n\n<figure class=\"wp-block-image size-large\"><img loading=\"lazy\" decoding=\"async\" width=\"722\" height=\"1024\" data-id=\"3904\" src=\"https:\/\/www.desjnuffelere.nl\/site\/wp-content\/uploads\/2026\/01\/Poster-jeugdzitting-2026-722x1024.jpg\" alt=\"Poster jeugdzitting 2026\" class=\"wp-image-3904\" srcset=\"https:\/\/www.desjnuffelere.nl\/site\/wp-content\/uploads\/2026\/01\/Poster-jeugdzitting-2026-722x1024.jpg 722w, https:\/\/www.desjnuffelere.nl\/site\/wp-content\/uploads\/2026\/01\/Poster-jeugdzitting-2026-211x300.jpg 211w, https:\/\/www.desjnuffelere.nl\/site\/wp-content\/uploads\/2026\/01\/Poster-jeugdzitting-2026.jpg 874w\" sizes=\"(max-width: 722px) 100vw, 722px\" \/><\/figure>\n<\/figure>\n\n\n\n<p><a href=\"https:\/\/www.desjnuffelere.nl\/?page_id=3900\" data-type=\"page\" data-id=\"3900\">Meer bekijken &#8211;&gt;<\/a><\/p>\n\n\n\n<p><\/p>\n","protected":false},"excerpt":{"rendered":"<p>Na een fantastische zitting willen wij u voorstellen aan onze nieuwe heerser: Prins Chris I (Smeets) Op de melodie van De Limburgse Knalaaf Mix werd op 24 januari de nieuwe, nog onbekende prins door een aantal oud-prinsen, verkleed als Formule 1-coureurs, naar binnen gedragen.Na het aftellen sprong de kersverse prins tevoorschijn. De komende weken gaat &hellip; <\/p>\n<p class=\"link-more\"><a href=\"https:\/\/www.desjnuffelere.nl\/\" class=\"more-link\">Lees meer<span class=\"screen-reader-text\"> &#8220;2026&#8221;<\/span><\/a><\/p>\n","protected":false},"author":13,"featured_media":0,"parent":0,"menu_order":0,"comment_status":"closed","ping_status":"closed","template":"","meta":{"_inspiro_hide_title":false,"footnotes":""},"class_list":["post-3891","page","type-page","status-publish","hentry"],"featured_media_urls":[],"_links":{"self":[{"href":"https:\/\/www.desjnuffelere.nl\/index.php?rest_route=\/wp\/v2\/pages\/3891","targetHints":{"allow":["GET"]}}],"collection":[{"href":"https:\/\/www.desjnuffelere.nl\/index.php?rest_route=\/wp\/v2\/pages"}],"about":[{"href":"https:\/\/www.desjnuffelere.nl\/index.php?rest_route=\/wp\/v2\/types\/page"}],"author":[{"embeddable":true,"href":"https:\/\/www.desjnuffelere.nl\/index.php?rest_route=\/wp\/v2\/users\/13"}],"replies":[{"embeddable":true,"href":"https:\/\/www.desjnuffelere.nl\/index.php?rest_route=%2Fwp%2Fv2%2Fcomments&post=3891"}],"version-history":[{"count":16,"href":"https:\/\/www.desjnuffelere.nl\/index.php?rest_route=\/wp\/v2\/pages\/3891\/revisions"}],"predecessor-version":[{"id":3959,"href":"https:\/\/www.desjnuffelere.nl\/index.php?rest_route=\/wp\/v2\/pages\/3891\/revisions\/3959"}],"wp:attachment":[{"href":"https:\/\/www.desjnuffelere.nl\/index.php?rest_route=%2Fwp%2Fv2%2Fmedia&parent=3891"}],"curies":[{"name":"wp","href":"https:\/\/api.w.org\/{rel}","templated":true}]}}